{"id":99,"date":"2024-03-12T15:39:01","date_gmt":"2024-03-12T19:39:01","guid":{"rendered":"https:\/\/truss.lacsq.org\/?page_id=99"},"modified":"2026-01-22T10:03:30","modified_gmt":"2026-01-22T15:03:30","slug":"comite-executif","status":"publish","type":"page","link":"https:\/\/truss.lacsq.org\/fr\/truss\/comite-executif\/","title":{"rendered":"Comit\u00e9 ex\u00e9cutif"},"content":{"rendered":"","protected":false},"excerpt":{"rendered":"","protected":false},"author":98,"featured_media":0,"parent":97,"menu_order":0,"comment_status":"closed","ping_status":"open","template":"","meta":{"_acf_changed":false,"footnotes":""},"class_list":["post-99","page","type-page","status-publish","hentry"],"acf":{"afficher_hero":false,"image":null,"image_tablette":null,"image_mobile":null,"is_redirected_target_page":false,"target_page":null,"contenu_flexible":[{"acf_fc_layout":"1_colonne","texte":"CHAPITRE 4 : COMIT\u00c9 EX\u00c9CUTIF\r\n\r\nARTICLE 4.01 : COMPOSITION\r\n\r\nComposition\r\nLe Comit\u00e9 ex\u00e9cutif est compos\u00e9 de trois (3) membres :\r\n\r\na) Pr\u00e9sident(e)\r\nb) Secr\u00e9taire et Tr\u00e9sorier(\u00e8re)\r\nc) Communication, Mobilisation et Relations avec la Communaut\u00e9\r\n\r\nQuels que soient les postes \u00e0 pourvoir, l'un d'eux doit \u00eatre occup\u00e9 par un conducteur de bus.\r\n\r\nLes principaux pouvoirs et devoirs du Comit\u00e9 ex\u00e9cutif sont les suivants :\r\n\r\n1. G\u00e9rer les affaires de l'Union.\r\n\r\n2. Superviser la mise en \u0153uvre des d\u00e9cisions prises par l'Assembl\u00e9e g\u00e9n\u00e9rale.\r\n\r\n3. Admettre de nouveaux membres.\r\n\r\n4. Autoriser toute proc\u00e9dure judiciaire ou autre n\u00e9cessaire aux int\u00e9r\u00eats de l'Union, \u00e0 l'exception de celles qui, de par la loi, requi\u00e8rent une r\u00e9solution de l'Assembl\u00e9e g\u00e9n\u00e9rale.\r\n\r\n5. Pr\u00e9senter un projet de plan d'action et un rapport annuel \u00e0 l'Assembl\u00e9e g\u00e9n\u00e9rale.\r\n\r\n6. Nommer un ou plusieurs membres du Comit\u00e9 ex\u00e9cutif, en plus du pr\u00e9sident et du tr\u00e9sorier, pour signer les lettres de change au nom de l'Union.\r\n7. \u00c9laborer les diff\u00e9rentes politiques relatives au bon fonctionnement du syndicat.\r\n\r\n8. Exclure un membre, conform\u00e9ment aux dispositions de l'article 2.06 des pr\u00e9sents statuts.\r\n\r\n9. Soumettre au Conseil des d\u00e9l\u00e9gu\u00e9s les d\u00e9penses non inscrites au budget ou exc\u00e9dant les pr\u00e9visions.\r\n\r\n10. D\u00e9poser et publier ses \u00e9tats financiers aupr\u00e8s des membres lors de la premi\u00e8re Assembl\u00e9e g\u00e9n\u00e9rale de l'ann\u00e9e et en remettre une copie papier \u00e0 tout membre qui en fait la demande, conform\u00e9ment \u00e0 la loi.","couleur":""}]},"_links":{"self":[{"href":"https:\/\/truss.lacsq.org\/fr\/wp-json\/wp\/v2\/pages\/99","targetHints":{"allow":["GET"]}}],"collection":[{"href":"https:\/\/truss.lacsq.org\/fr\/wp-json\/wp\/v2\/pages"}],"about":[{"href":"https:\/\/truss.lacsq.org\/fr\/wp-json\/wp\/v2\/types\/page"}],"author":[{"embeddable":true,"href":"https:\/\/truss.lacsq.org\/fr\/wp-json\/wp\/v2\/users\/98"}],"replies":[{"embeddable":true,"href":"https:\/\/truss.lacsq.org\/fr\/wp-json\/wp\/v2\/comments?post=99"}],"version-history":[{"count":1,"href":"https:\/\/truss.lacsq.org\/fr\/wp-json\/wp\/v2\/pages\/99\/revisions"}],"predecessor-version":[{"id":100,"href":"https:\/\/truss.lacsq.org\/fr\/wp-json\/wp\/v2\/pages\/99\/revisions\/100"}],"up":[{"embeddable":true,"href":"https:\/\/truss.lacsq.org\/fr\/wp-json\/wp\/v2\/pages\/97"}],"wp:attachment":[{"href":"https:\/\/truss.lacsq.org\/fr\/wp-json\/wp\/v2\/media?parent=99"}],"curies":[{"name":"wp","href":"https:\/\/api.w.org\/{rel}","templated":true}]}}