{"id":105,"date":"2024-06-11T12:28:40","date_gmt":"2024-06-11T16:28:40","guid":{"rendered":"https:\/\/truss.lacsq.org\/?page_id=105"},"modified":"2026-01-22T11:50:39","modified_gmt":"2026-01-22T16:50:39","slug":"partenaires","status":"publish","type":"page","link":"https:\/\/truss.lacsq.org\/fr\/truss\/partenaires\/","title":{"rendered":"Partenaires"},"content":{"rendered":"","protected":false},"excerpt":{"rendered":"","protected":false},"author":98,"featured_media":0,"parent":97,"menu_order":2,"comment_status":"closed","ping_status":"closed","template":"","meta":{"_acf_changed":false,"footnotes":""},"class_list":["post-105","page","type-page","status-publish","hentry"],"acf":{"afficher_hero":false,"image":null,"image_tablette":null,"image_mobile":null,"is_redirected_target_page":false,"target_page":null,"contenu_flexible":[{"acf_fc_layout":"1_colonne","texte":"La FPSS-CSQ s'est associ\u00e9e avec plusieurs partenaires dans le but d'offrir des services de qualit\u00e9 et \u00e0 prix abordables \u00e0 ses membres.\r\n<ul>\r\n \t<li><a href=\"https:\/\/www.fondsftq.com\/\" target=\"_blank\" rel=\"noopener noreferrer\">Fonds de solidarit\u00e9 FTQ<\/a>: REER et CELI<\/li>\r\n \t<li><a href=\"https:\/\/www.caisseeducation.ca\/\">Desjardins Caisse de l'\u00c9ducation<\/a>: Tous les services financiers de Desjardins (hypoth\u00e8que, REER, REEE, pr\u00eat, ...)<\/li>\r\n \t<li><a href=\"http:\/\/www.lapersonnelle.com\/p-csq\/FR\/Pages\/accueil.aspx?LNG=FR\" target=\"_blank\" rel=\"noopener noreferrer\">La Personnelle<\/a>: Assurance automobile, r\u00e9sidentielle et entreprise<\/li>\r\n \t<li><a href=\"https:\/\/ssq.ca\/particulier\/assurance\/assurance-collective\" target=\"_blank\" rel=\"noopener noreferrer\">Beneva<\/a>: Assurance\u00a0collective<\/li>\r\n<\/ul>\r\n&nbsp;","couleur":""}]},"_links":{"self":[{"href":"https:\/\/truss.lacsq.org\/fr\/wp-json\/wp\/v2\/pages\/105","targetHints":{"allow":["GET"]}}],"collection":[{"href":"https:\/\/truss.lacsq.org\/fr\/wp-json\/wp\/v2\/pages"}],"about":[{"href":"https:\/\/truss.lacsq.org\/fr\/wp-json\/wp\/v2\/types\/page"}],"author":[{"embeddable":true,"href":"https:\/\/truss.lacsq.org\/fr\/wp-json\/wp\/v2\/users\/98"}],"replies":[{"embeddable":true,"href":"https:\/\/truss.lacsq.org\/fr\/wp-json\/wp\/v2\/comments?post=105"}],"version-history":[{"count":1,"href":"https:\/\/truss.lacsq.org\/fr\/wp-json\/wp\/v2\/pages\/105\/revisions"}],"predecessor-version":[{"id":106,"href":"https:\/\/truss.lacsq.org\/fr\/wp-json\/wp\/v2\/pages\/105\/revisions\/106"}],"up":[{"embeddable":true,"href":"https:\/\/truss.lacsq.org\/fr\/wp-json\/wp\/v2\/pages\/97"}],"wp:attachment":[{"href":"https:\/\/truss.lacsq.org\/fr\/wp-json\/wp\/v2\/media?parent=105"}],"curies":[{"name":"wp","href":"https:\/\/api.w.org\/{rel}","templated":true}]}}