{"id":101,"date":"2024-06-11T15:37:21","date_gmt":"2024-06-11T19:37:21","guid":{"rendered":"https:\/\/truss.lacsq.org\/?page_id=101"},"modified":"2026-01-22T11:47:04","modified_gmt":"2026-01-22T16:47:04","slug":"carte-de-membre","status":"publish","type":"page","link":"https:\/\/truss.lacsq.org\/fr\/truss\/carte-de-membre\/","title":{"rendered":"Carte de membre"},"content":{"rendered":"","protected":false},"excerpt":{"rendered":"","protected":false},"author":98,"featured_media":0,"parent":97,"menu_order":0,"comment_status":"closed","ping_status":"closed","template":"","meta":{"_acf_changed":false,"footnotes":""},"class_list":["post-101","page","type-page","status-publish","hentry"],"acf":{"afficher_hero":false,"image":null,"image_tablette":null,"image_mobile":null,"is_redirected_target_page":false,"target_page":null,"contenu_flexible":[{"acf_fc_layout":"1_colonne","texte":"<h2>Adh\u00e9sion \u00e0 TRUSS - conform\u00e9ment aux statuts<\/h2>\r\nCHAPITRE 2 : LE MEMBRE\r\n\r\nARTICLE 2.01 : ADMISSION\r\n\r\nPour devenir et demeurer membre du syndicat, les conditions suivantes doivent \u00eatre remplies :\r\n\r\n\u2022 Signer une carte de membre.\r\n\r\n\u2022 Payer un droit d'entr\u00e9e de deux dollars (2 $).\r\n\r\n\u2022 \u00catre accept\u00e9 par le Comit\u00e9 ex\u00e9cutif ou l'Assembl\u00e9e g\u00e9n\u00e9rale.\r\n\r\n\u2022 Payer les cotisations syndicales prescrites par les pr\u00e9sents statuts et toute autre contribution prescrite par le syndicat.\r\n\r\n\u2022 S'engager \u00e0 respecter les statuts du syndicat.\r\n\r\nARTICLE 2.02 : MEMBRES\r\n\r\nA. Est membre du syndicat toute personne qui remplit les conditions suivantes :\r\n\r\na) \u00catre un employ\u00e9 couvert par le ou les certificats d'accr\u00e9ditation d\u00e9tenus par le syndicat.\r\n\r\nb) Remplir les conditions de l'article 2.01. B. Tout membre cong\u00e9di\u00e9, licenci\u00e9 ou mis \u00e0 pied, et dont le cong\u00e9diement, la cessation d'emploi ou la mise \u00e0 pied fait l'objet d'un litige avec le syndicat, demeure membre, sauf d\u00e9cision contraire, tant que le litige est en cours. Cependant, ce membre est dispens\u00e9 de l'obligation de payer les cotisations syndicales, \u00e0 moins que son litige n'aboutisse et qu'il ne recouvre la totalit\u00e9 ou une partie de son salaire.\r\n\r\nC. Sont \u00e9galement membres du syndicat\u00a0:\r\n\r\na) Tout membre du personnel de soutien scolaire ayant un lien de subordination avec la commission scolaire.\r\n\r\nb) Les membres d\u00e9tach\u00e9s pour travailler au syndicat local, \u00e0 la F\u00e9d\u00e9ration, \u00e0 la Centrale ou dans des organisations affili\u00e9es.\r\n\r\nARTICLE 2.03\u00a0: DROITS\r\n\r\nA. Le membre b\u00e9n\u00e9ficie des droits et privil\u00e8ges conf\u00e9r\u00e9s par les statuts du syndicat. Il a acc\u00e8s aux proc\u00e8s-verbaux des r\u00e9unions et aux \u00e9tats financiers et peut les consulter sur rendez-vous aux jours et heures d'ouverture des bureaux du syndicat.\r\n\r\na) Les membres \u00e9lisent le comit\u00e9 ex\u00e9cutif du syndicat conform\u00e9ment aux statuts et r\u00e8glements en vigueur. b) Conform\u00e9ment aux statuts actuels, chaque membre a le droit de participer aux d\u00e9lib\u00e9rations des assembl\u00e9es et de voter sur toutes les questions.\r\n\r\nc) Nonobstant les trois paragraphes pr\u00e9c\u00e9dents, les droits de tout membre occupant temporairement une fonction de direction se limitent \u00e0 la sauvegarde de ses droits en vertu de la convention collective et \u00e0 l\u2019acc\u00e8s aux informations relatives \u00e0 ces droits, sans pr\u00e9judice du droit du syndicat de r\u00e9clamer les cotisations minimales pr\u00e9vues \u00e0 l\u2019article 2.04.\r\n\r\nARTICLE 2.04\u00a0: COTISATIONS SYNDICALES\r\na) Les cotisations syndicales s\u2019\u00e9l\u00e8vent \u00e0 1,6\u00a0% du revenu annuel courant du membre.\r\n\r\nb) Une fois l\u2019adh\u00e9sion acquise, les cotisations sont calcul\u00e9es au prorata du nombre de mois restant dans l\u2019exercice fiscal, conform\u00e9ment au paragraphe pr\u00e9c\u00e9dent.\r\n\r\nc) Avec l\u2019accord de l\u2019Assembl\u00e9e g\u00e9n\u00e9rale, le syndicat peut exiger une contribution sp\u00e9ciale de ses membres.","couleur":""}]},"_links":{"self":[{"href":"https:\/\/truss.lacsq.org\/fr\/wp-json\/wp\/v2\/pages\/101","targetHints":{"allow":["GET"]}}],"collection":[{"href":"https:\/\/truss.lacsq.org\/fr\/wp-json\/wp\/v2\/pages"}],"about":[{"href":"https:\/\/truss.lacsq.org\/fr\/wp-json\/wp\/v2\/types\/page"}],"author":[{"embeddable":true,"href":"https:\/\/truss.lacsq.org\/fr\/wp-json\/wp\/v2\/users\/98"}],"replies":[{"embeddable":true,"href":"https:\/\/truss.lacsq.org\/fr\/wp-json\/wp\/v2\/comments?post=101"}],"version-history":[{"count":1,"href":"https:\/\/truss.lacsq.org\/fr\/wp-json\/wp\/v2\/pages\/101\/revisions"}],"predecessor-version":[{"id":102,"href":"https:\/\/truss.lacsq.org\/fr\/wp-json\/wp\/v2\/pages\/101\/revisions\/102"}],"up":[{"embeddable":true,"href":"https:\/\/truss.lacsq.org\/fr\/wp-json\/wp\/v2\/pages\/97"}],"wp:attachment":[{"href":"https:\/\/truss.lacsq.org\/fr\/wp-json\/wp\/v2\/media?parent=101"}],"curies":[{"name":"wp","href":"https:\/\/api.w.org\/{rel}","templated":true}]}}